{"id":41,"date":"2012-12-07T13:38:33","date_gmt":"2012-12-07T12:38:33","guid":{"rendered":"https:\/\/gramont.eu\/serwis-komputerowy\/?page_id=41"},"modified":"2013-01-31T02:19:14","modified_gmt":"2013-01-31T01:19:14","slug":"rozwiazywanie-problemow-z-komputerem","status":"publish","type":"page","link":"https:\/\/gramont.eu\/serwis-komputerowy\/rozwiazywanie-problemow-z-komputerem\/","title":{"rendered":"Rozwi\u0105zywanie problem\u00f3w z komputerem"},"content":{"rendered":"<p>W ofercie szereg us\u0142ug pozwalaj\u0105cych przywr\u00f3ci\u0107 komputer do sprawno\u015bci.<br \/>\nOferta dotyczy zar\u00f3wno komputer\u00f3w stacjonarnych jak i laptop\u00f3w (notebook\u00f3w).<\/p>\n<ul>\n<li><strong>Reinstalacja systemu operacyjnego bez zachowania danych.<\/strong><\/li>\n<li><strong>Reinstalacja systemu z zachowaniem danych z komputera.<\/strong><\/li>\n<li><strong>Tworzenie kopii bezpiecze\u0144stwa systemu.<\/strong><\/li>\n<li><strong>Usuwanie wirus\u00f3w, robak\u00f3w i z\u0142o\u015bliwego oprogramowania.<\/strong><\/li>\n<li><strong>Rozwi\u0105zywanie problem\u00f3w zwi\u0105zanych ze \u017ale dzia\u0142aj\u0105cymi programami.<\/strong><\/li>\n<li><strong>Rozwi\u0105zywanie problem\u00f3w ze \u017ale dzia\u0142aj\u0105cymi urz\u0105dzeniami.<\/strong><\/li>\n<li><strong>Oczyszczanie dysk\u00f3w i optymalizacja pracy komputer\u00f3w.<\/strong><\/li>\n<li><strong>Czyszczenie i konserwacja komputer\u00f3w (przywracanie do formy z dnia zakupu).<\/strong><\/li>\n<li><strong>Naprawa komputera po awarii systemu.<\/strong><\/li>\n<li><strong>Rozwi\u0105zywanie innych problem\u00f3w z komputerem.<\/strong><\/li>\n<\/ul>\n<p>Masz pytania? Napisz lub zadzwo\u0144, poni\u017cej znajduje si\u0119 formularz kontaktowy.<\/p>\n<p><img loading=\"lazy\" decoding=\"async\" class=\"aligncenter\" alt=\"Naprawa komputer\u00f3w\" src=\"https:\/\/gramont.eu\/serwis-komputerowy\/files\/2012\/12\/Serwis-komputerowy.jpg\" width=\"347\" height=\"351\" \/><\/p>\n","protected":false},"excerpt":{"rendered":"<p>W ofercie szereg us\u0142ug pozwalaj\u0105cych przywr\u00f3ci\u0107 komputer do sprawno\u015bci. Oferta dotyczy zar\u00f3wno komputer\u00f3w stacjonarnych jak i laptop\u00f3w (notebook\u00f3w). Reinstalacja systemu operacyjnego bez zachowania danych. Reinstalacja systemu z zachowaniem danych z komputera. Tworzenie kopii bezpiecze\u0144stwa systemu. Usuwanie wirus\u00f3w, robak\u00f3w i z\u0142o\u015bliwego &hellip;<\/p>\n<p class=\"read-more\"> <a class=\"more-link\" href=\"https:\/\/gramont.eu\/serwis-komputerowy\/rozwiazywanie-problemow-z-komputerem\/\"> <span class=\"screen-reader-text\">Rozwi\u0105zywanie problem\u00f3w z komputerem<\/span> Czytaj wi\u0119cej  &raquo;<\/a><\/p>\n","protected":false},"author":1,"featured_media":0,"parent":0,"menu_order":0,"comment_status":"open","ping_status":"open","template":"page-gallery-right.php","meta":{"footnotes":""},"yoast_head":"<!-- This site is optimized with the Yoast SEO plugin v22.0 - https:\/\/yoast.com\/wordpress\/plugins\/seo\/ -->\n<title>Rozwi\u0105zywanie problem\u00f3w z komputerem - Serwis komputerowy - Nowa S\u00f3l<\/title>\n<meta name=\"description\" content=\"Tw\u00f3j komputer dzia\u0142a bardzo powoli lub nie chce si\u0119 uruchomi\u0107? Pomo\u017cemy odzyska\u0107 mu sprawno\u015b\u0107 z dnia zakupu i to bez utraty danych. Problemy z komputerem?\" \/>\n<meta name=\"robots\" content=\"index, follow, max-snippet:-1, max-image-preview:large, max-video-preview:-1\" \/>\n<link rel=\"canonical\" href=\"https:\/\/gramont.eu\/serwis-komputerowy\/rozwiazywanie-problemow-z-komputerem\/\" \/>\n<meta name=\"twitter:label1\" content=\"Szacowany czas czytania\" \/>\n\t<meta name=\"twitter:data1\" content=\"1 minuta\" \/>\n<script type=\"application\/ld+json\" class=\"yoast-schema-graph\">{\"@context\":\"https:\/\/schema.org\",\"@graph\":[{\"@type\":\"WebPage\",\"@id\":\"https:\/\/gramont.eu\/serwis-komputerowy\/rozwiazywanie-problemow-z-komputerem\/\",\"url\":\"https:\/\/gramont.eu\/serwis-komputerowy\/rozwiazywanie-problemow-z-komputerem\/\",\"name\":\"Rozwi\u0105zywanie problem\u00f3w z komputerem - Serwis komputerowy - Nowa S\u00f3l\",\"isPartOf\":{\"@id\":\"https:\/\/gramont.eu\/serwis-komputerowy\/#website\"},\"datePublished\":\"2012-12-07T12:38:33+00:00\",\"dateModified\":\"2013-01-31T01:19:14+00:00\",\"description\":\"Tw\u00f3j komputer dzia\u0142a bardzo powoli lub nie chce si\u0119 uruchomi\u0107? Pomo\u017cemy odzyska\u0107 mu sprawno\u015b\u0107 z dnia zakupu i to bez utraty danych. Problemy z komputerem?\",\"inLanguage\":\"pl-PL\",\"potentialAction\":[{\"@type\":\"ReadAction\",\"target\":[\"https:\/\/gramont.eu\/serwis-komputerowy\/rozwiazywanie-problemow-z-komputerem\/\"]}]},{\"@type\":\"WebSite\",\"@id\":\"https:\/\/gramont.eu\/serwis-komputerowy\/#website\",\"url\":\"https:\/\/gramont.eu\/serwis-komputerowy\/\",\"name\":\"Serwis komputerowy - Nowa S\u00f3l\",\"description\":\"Rozw\u0105zywanie problem\u00f3w z komputerami to nasza specjalno\u015b\u0107. Oferujemy r\u00f3wnie\u017c opiek\u0119 informatyczn\u0105.\",\"publisher\":{\"@id\":\"https:\/\/gramont.eu\/serwis-komputerowy\/#organization\"},\"potentialAction\":[{\"@type\":\"SearchAction\",\"target\":{\"@type\":\"EntryPoint\",\"urlTemplate\":\"https:\/\/gramont.eu\/serwis-komputerowy\/?s={search_term_string}\"},\"query-input\":\"required name=search_term_string\"}],\"inLanguage\":\"pl-PL\"},{\"@type\":\"Organization\",\"@id\":\"https:\/\/gramont.eu\/serwis-komputerowy\/#organization\",\"name\":\"Serwis komputerowy - Nowa S\u00f3l\",\"url\":\"https:\/\/gramont.eu\/serwis-komputerowy\/\",\"logo\":{\"@type\":\"ImageObject\",\"inLanguage\":\"pl-PL\",\"@id\":\"https:\/\/gramont.eu\/serwis-komputerowy\/#\/schema\/logo\/image\/\",\"url\":\"https:\/\/gramont.eu\/serwis-komputerowy\/files\/2012\/12\/czyszczenie-notebook.png\",\"contentUrl\":\"https:\/\/gramont.eu\/serwis-komputerowy\/files\/2012\/12\/czyszczenie-notebook.png\",\"width\":\"128\",\"height\":\"128\",\"caption\":\"Serwis komputerowy - Nowa S\u00f3l\"},\"image\":{\"@id\":\"https:\/\/gramont.eu\/serwis-komputerowy\/#\/schema\/logo\/image\/\"},\"sameAs\":[\"https:\/\/www.youtube.com\/channel\/UC3Nt5XEhdTuCQLFND1-OmxA\"]}]}<\/script>\n<!-- \/ Yoast SEO plugin. -->","yoast_head_json":{"title":"Rozwi\u0105zywanie problem\u00f3w z komputerem - Serwis komputerowy - Nowa S\u00f3l","description":"Tw\u00f3j komputer dzia\u0142a bardzo powoli lub nie chce si\u0119 uruchomi\u0107? Pomo\u017cemy odzyska\u0107 mu sprawno\u015b\u0107 z dnia zakupu i to bez utraty danych. Problemy z komputerem?","robots":{"index":"index","follow":"follow","max-snippet":"max-snippet:-1","max-image-preview":"max-image-preview:large","max-video-preview":"max-video-preview:-1"},"canonical":"https:\/\/gramont.eu\/serwis-komputerowy\/rozwiazywanie-problemow-z-komputerem\/","twitter_misc":{"Szacowany czas czytania":"1 minuta"},"schema":{"@context":"https:\/\/schema.org","@graph":[{"@type":"WebPage","@id":"https:\/\/gramont.eu\/serwis-komputerowy\/rozwiazywanie-problemow-z-komputerem\/","url":"https:\/\/gramont.eu\/serwis-komputerowy\/rozwiazywanie-problemow-z-komputerem\/","name":"Rozwi\u0105zywanie problem\u00f3w z komputerem - Serwis komputerowy - Nowa S\u00f3l","isPartOf":{"@id":"https:\/\/gramont.eu\/serwis-komputerowy\/#website"},"datePublished":"2012-12-07T12:38:33+00:00","dateModified":"2013-01-31T01:19:14+00:00","description":"Tw\u00f3j komputer dzia\u0142a bardzo powoli lub nie chce si\u0119 uruchomi\u0107? Pomo\u017cemy odzyska\u0107 mu sprawno\u015b\u0107 z dnia zakupu i to bez utraty danych. Problemy z komputerem?","inLanguage":"pl-PL","potentialAction":[{"@type":"ReadAction","target":["https:\/\/gramont.eu\/serwis-komputerowy\/rozwiazywanie-problemow-z-komputerem\/"]}]},{"@type":"WebSite","@id":"https:\/\/gramont.eu\/serwis-komputerowy\/#website","url":"https:\/\/gramont.eu\/serwis-komputerowy\/","name":"Serwis komputerowy - Nowa S\u00f3l","description":"Rozw\u0105zywanie problem\u00f3w z komputerami to nasza specjalno\u015b\u0107. Oferujemy r\u00f3wnie\u017c opiek\u0119 informatyczn\u0105.","publisher":{"@id":"https:\/\/gramont.eu\/serwis-komputerowy\/#organization"},"potentialAction":[{"@type":"SearchAction","target":{"@type":"EntryPoint","urlTemplate":"https:\/\/gramont.eu\/serwis-komputerowy\/?s={search_term_string}"},"query-input":"required name=search_term_string"}],"inLanguage":"pl-PL"},{"@type":"Organization","@id":"https:\/\/gramont.eu\/serwis-komputerowy\/#organization","name":"Serwis komputerowy - Nowa S\u00f3l","url":"https:\/\/gramont.eu\/serwis-komputerowy\/","logo":{"@type":"ImageObject","inLanguage":"pl-PL","@id":"https:\/\/gramont.eu\/serwis-komputerowy\/#\/schema\/logo\/image\/","url":"https:\/\/gramont.eu\/serwis-komputerowy\/files\/2012\/12\/czyszczenie-notebook.png","contentUrl":"https:\/\/gramont.eu\/serwis-komputerowy\/files\/2012\/12\/czyszczenie-notebook.png","width":"128","height":"128","caption":"Serwis komputerowy - Nowa S\u00f3l"},"image":{"@id":"https:\/\/gramont.eu\/serwis-komputerowy\/#\/schema\/logo\/image\/"},"sameAs":["https:\/\/www.youtube.com\/channel\/UC3Nt5XEhdTuCQLFND1-OmxA"]}]}},"_links":{"self":[{"href":"https:\/\/gramont.eu\/serwis-komputerowy\/wp-json\/wp\/v2\/pages\/41"}],"collection":[{"href":"https:\/\/gramont.eu\/serwis-komputerowy\/wp-json\/wp\/v2\/pages"}],"about":[{"href":"https:\/\/gramont.eu\/serwis-komputerowy\/wp-json\/wp\/v2\/types\/page"}],"author":[{"embeddable":true,"href":"https:\/\/gramont.eu\/serwis-komputerowy\/wp-json\/wp\/v2\/users\/1"}],"replies":[{"embeddable":true,"href":"https:\/\/gramont.eu\/serwis-komputerowy\/wp-json\/wp\/v2\/comments?post=41"}],"version-history":[{"count":19,"href":"https:\/\/gramont.eu\/serwis-komputerowy\/wp-json\/wp\/v2\/pages\/41\/revisions"}],"predecessor-version":[{"id":230,"href":"https:\/\/gramont.eu\/serwis-komputerowy\/wp-json\/wp\/v2\/pages\/41\/revisions\/230"}],"wp:attachment":[{"href":"https:\/\/gramont.eu\/serwis-komputerowy\/wp-json\/wp\/v2\/media?parent=41"}],"curies":[{"name":"wp","href":"https:\/\/api.w.org\/{rel}","templated":true}]}}