{"id":50,"date":"2012-12-07T18:09:43","date_gmt":"2012-12-07T17:09:43","guid":{"rendered":"https:\/\/gramont.eu\/serwis-komputerowy\/?page_id=50"},"modified":"2013-01-31T02:18:07","modified_gmt":"2013-01-31T01:18:07","slug":"internet-i-sieci","status":"publish","type":"page","link":"https:\/\/gramont.eu\/serwis-komputerowy\/internet-i-sieci\/","title":{"rendered":"Internet i sieci komputerowe"},"content":{"rendered":"<p>Kupi\u0142e\u015b nowy komputer i chcesz <strong>pod\u0142\u0105czy\u0107 go do internetu<\/strong>?<br \/>\nNie wiesz jakiego <strong>dostawc\u0119 us\u0142ug internetowych<\/strong> wybra\u0107?<br \/>\nPotrzebujesz pomocy z <strong>bramk\u0105 VoIP<\/strong>\u00a0(telefonia internetowa)?<br \/>\nChcesz by Tw\u00f3j<strong> internet<\/strong>\u00a0dzia\u0142a\u0142 szybciej?<br \/>\nNie wiesz jak za\u0142o\u017cy\u0107<strong> bezprzewodow\u0105 sie\u0107<\/strong> w domu lub firmie?<\/p>\n<ul>\n<li><strong>Rozbudowa i zak\u0142adanie sieci kablowych (LAN)<\/strong><\/li>\n<li><strong>Rozbudowa i tworzenie sieci bezprzewodowych (WiFi)<\/strong><\/li>\n<li><strong>Konfiguracja router\u00f3w, komputer\u00f3w, bramek VoIP.<\/strong><\/li>\n<li><strong>Instalacja drukarek pracuj\u0105cych w sieci lub przygotowanie<\/strong><strong> drukarek USB do pracy sieciowej.<\/strong><\/li>\n<li><strong>Doradzimy jak stworzy\u0107 sie\u0107, poprawi\u0107 jej zasi\u0119g,<\/strong><strong> zwi\u0119kszy\u0107 bezpiecze\u0144stwo, skonfigurowa\u0107 dysk sieciowy, itd.<\/strong><\/li>\n<li><strong>Konfiguracja i pod\u0142\u0105czanie urz\u0105dze\u0144 sieciowych.<\/strong><\/li>\n<\/ul>\n<p><img loading=\"lazy\" decoding=\"async\" class=\"aligncenter\" alt=\"Internet i sieci komputerowe\" src=\"https:\/\/gramont.eu\/serwis-komputerowy\/files\/2012\/12\/internet-i-sieci-internetowe.png\" width=\"448\" height=\"77\" \/><\/p>\n","protected":false},"excerpt":{"rendered":"<p>Kupi\u0142e\u015b nowy komputer i chcesz pod\u0142\u0105czy\u0107 go do internetu? Nie wiesz jakiego dostawc\u0119 us\u0142ug internetowych wybra\u0107? Potrzebujesz pomocy z bramk\u0105 VoIP\u00a0(telefonia internetowa)? Chcesz by Tw\u00f3j internet\u00a0dzia\u0142a\u0142 szybciej? Nie wiesz jak za\u0142o\u017cy\u0107 bezprzewodow\u0105 sie\u0107 w domu lub firmie? Rozbudowa i zak\u0142adanie &hellip;<\/p>\n<p class=\"read-more\"> <a class=\"more-link\" href=\"https:\/\/gramont.eu\/serwis-komputerowy\/internet-i-sieci\/\"> <span class=\"screen-reader-text\">Internet i sieci komputerowe<\/span> Czytaj wi\u0119cej  &raquo;<\/a><\/p>\n","protected":false},"author":1,"featured_media":0,"parent":0,"menu_order":0,"comment_status":"closed","ping_status":"closed","template":"page-gallery-right.php","meta":{"footnotes":""},"yoast_head":"<!-- This site is optimized with the Yoast SEO plugin v22.0 - https:\/\/yoast.com\/wordpress\/plugins\/seo\/ -->\n<title>Internet i sieci komputerowe - Serwis komputerowy - Nowa S\u00f3l<\/title>\n<meta name=\"description\" content=\"Przewodowe oraz bezprzewodowe (wifi) sieci internetowe. Rozbudowa, utrzymanie, zabezpieczanie i konfiguracja urz\u0105dze\u0144 sieciowych (routery, dyski).\" \/>\n<meta name=\"robots\" content=\"index, follow, max-snippet:-1, max-image-preview:large, max-video-preview:-1\" \/>\n<link rel=\"canonical\" href=\"https:\/\/gramont.eu\/serwis-komputerowy\/internet-i-sieci\/\" \/>\n<meta name=\"twitter:label1\" content=\"Szacowany czas czytania\" \/>\n\t<meta name=\"twitter:data1\" content=\"1 minuta\" \/>\n<script type=\"application\/ld+json\" class=\"yoast-schema-graph\">{\"@context\":\"https:\/\/schema.org\",\"@graph\":[{\"@type\":\"WebPage\",\"@id\":\"https:\/\/gramont.eu\/serwis-komputerowy\/internet-i-sieci\/\",\"url\":\"https:\/\/gramont.eu\/serwis-komputerowy\/internet-i-sieci\/\",\"name\":\"Internet i sieci komputerowe - Serwis komputerowy - Nowa S\u00f3l\",\"isPartOf\":{\"@id\":\"https:\/\/gramont.eu\/serwis-komputerowy\/#website\"},\"datePublished\":\"2012-12-07T17:09:43+00:00\",\"dateModified\":\"2013-01-31T01:18:07+00:00\",\"description\":\"Przewodowe oraz bezprzewodowe (wifi) sieci internetowe. Rozbudowa, utrzymanie, zabezpieczanie i konfiguracja urz\u0105dze\u0144 sieciowych (routery, dyski).\",\"inLanguage\":\"pl-PL\",\"potentialAction\":[{\"@type\":\"ReadAction\",\"target\":[\"https:\/\/gramont.eu\/serwis-komputerowy\/internet-i-sieci\/\"]}]},{\"@type\":\"WebSite\",\"@id\":\"https:\/\/gramont.eu\/serwis-komputerowy\/#website\",\"url\":\"https:\/\/gramont.eu\/serwis-komputerowy\/\",\"name\":\"Serwis komputerowy - Nowa S\u00f3l\",\"description\":\"Rozw\u0105zywanie problem\u00f3w z komputerami to nasza specjalno\u015b\u0107. Oferujemy r\u00f3wnie\u017c opiek\u0119 informatyczn\u0105.\",\"publisher\":{\"@id\":\"https:\/\/gramont.eu\/serwis-komputerowy\/#organization\"},\"potentialAction\":[{\"@type\":\"SearchAction\",\"target\":{\"@type\":\"EntryPoint\",\"urlTemplate\":\"https:\/\/gramont.eu\/serwis-komputerowy\/?s={search_term_string}\"},\"query-input\":\"required name=search_term_string\"}],\"inLanguage\":\"pl-PL\"},{\"@type\":\"Organization\",\"@id\":\"https:\/\/gramont.eu\/serwis-komputerowy\/#organization\",\"name\":\"Serwis komputerowy - Nowa S\u00f3l\",\"url\":\"https:\/\/gramont.eu\/serwis-komputerowy\/\",\"logo\":{\"@type\":\"ImageObject\",\"inLanguage\":\"pl-PL\",\"@id\":\"https:\/\/gramont.eu\/serwis-komputerowy\/#\/schema\/logo\/image\/\",\"url\":\"https:\/\/gramont.eu\/serwis-komputerowy\/files\/2012\/12\/czyszczenie-notebook.png\",\"contentUrl\":\"https:\/\/gramont.eu\/serwis-komputerowy\/files\/2012\/12\/czyszczenie-notebook.png\",\"width\":\"128\",\"height\":\"128\",\"caption\":\"Serwis komputerowy - Nowa S\u00f3l\"},\"image\":{\"@id\":\"https:\/\/gramont.eu\/serwis-komputerowy\/#\/schema\/logo\/image\/\"},\"sameAs\":[\"https:\/\/www.youtube.com\/channel\/UC3Nt5XEhdTuCQLFND1-OmxA\"]}]}<\/script>\n<!-- \/ Yoast SEO plugin. -->","yoast_head_json":{"title":"Internet i sieci komputerowe - Serwis komputerowy - Nowa S\u00f3l","description":"Przewodowe oraz bezprzewodowe (wifi) sieci internetowe. Rozbudowa, utrzymanie, zabezpieczanie i konfiguracja urz\u0105dze\u0144 sieciowych (routery, dyski).","robots":{"index":"index","follow":"follow","max-snippet":"max-snippet:-1","max-image-preview":"max-image-preview:large","max-video-preview":"max-video-preview:-1"},"canonical":"https:\/\/gramont.eu\/serwis-komputerowy\/internet-i-sieci\/","twitter_misc":{"Szacowany czas czytania":"1 minuta"},"schema":{"@context":"https:\/\/schema.org","@graph":[{"@type":"WebPage","@id":"https:\/\/gramont.eu\/serwis-komputerowy\/internet-i-sieci\/","url":"https:\/\/gramont.eu\/serwis-komputerowy\/internet-i-sieci\/","name":"Internet i sieci komputerowe - Serwis komputerowy - Nowa S\u00f3l","isPartOf":{"@id":"https:\/\/gramont.eu\/serwis-komputerowy\/#website"},"datePublished":"2012-12-07T17:09:43+00:00","dateModified":"2013-01-31T01:18:07+00:00","description":"Przewodowe oraz bezprzewodowe (wifi) sieci internetowe. Rozbudowa, utrzymanie, zabezpieczanie i konfiguracja urz\u0105dze\u0144 sieciowych (routery, dyski).","inLanguage":"pl-PL","potentialAction":[{"@type":"ReadAction","target":["https:\/\/gramont.eu\/serwis-komputerowy\/internet-i-sieci\/"]}]},{"@type":"WebSite","@id":"https:\/\/gramont.eu\/serwis-komputerowy\/#website","url":"https:\/\/gramont.eu\/serwis-komputerowy\/","name":"Serwis komputerowy - Nowa S\u00f3l","description":"Rozw\u0105zywanie problem\u00f3w z komputerami to nasza specjalno\u015b\u0107. Oferujemy r\u00f3wnie\u017c opiek\u0119 informatyczn\u0105.","publisher":{"@id":"https:\/\/gramont.eu\/serwis-komputerowy\/#organization"},"potentialAction":[{"@type":"SearchAction","target":{"@type":"EntryPoint","urlTemplate":"https:\/\/gramont.eu\/serwis-komputerowy\/?s={search_term_string}"},"query-input":"required name=search_term_string"}],"inLanguage":"pl-PL"},{"@type":"Organization","@id":"https:\/\/gramont.eu\/serwis-komputerowy\/#organization","name":"Serwis komputerowy - Nowa S\u00f3l","url":"https:\/\/gramont.eu\/serwis-komputerowy\/","logo":{"@type":"ImageObject","inLanguage":"pl-PL","@id":"https:\/\/gramont.eu\/serwis-komputerowy\/#\/schema\/logo\/image\/","url":"https:\/\/gramont.eu\/serwis-komputerowy\/files\/2012\/12\/czyszczenie-notebook.png","contentUrl":"https:\/\/gramont.eu\/serwis-komputerowy\/files\/2012\/12\/czyszczenie-notebook.png","width":"128","height":"128","caption":"Serwis komputerowy - Nowa S\u00f3l"},"image":{"@id":"https:\/\/gramont.eu\/serwis-komputerowy\/#\/schema\/logo\/image\/"},"sameAs":["https:\/\/www.youtube.com\/channel\/UC3Nt5XEhdTuCQLFND1-OmxA"]}]}},"_links":{"self":[{"href":"https:\/\/gramont.eu\/serwis-komputerowy\/wp-json\/wp\/v2\/pages\/50"}],"collection":[{"href":"https:\/\/gramont.eu\/serwis-komputerowy\/wp-json\/wp\/v2\/pages"}],"about":[{"href":"https:\/\/gramont.eu\/serwis-komputerowy\/wp-json\/wp\/v2\/types\/page"}],"author":[{"embeddable":true,"href":"https:\/\/gramont.eu\/serwis-komputerowy\/wp-json\/wp\/v2\/users\/1"}],"replies":[{"embeddable":true,"href":"https:\/\/gramont.eu\/serwis-komputerowy\/wp-json\/wp\/v2\/comments?post=50"}],"version-history":[{"count":9,"href":"https:\/\/gramont.eu\/serwis-komputerowy\/wp-json\/wp\/v2\/pages\/50\/revisions"}],"predecessor-version":[{"id":229,"href":"https:\/\/gramont.eu\/serwis-komputerowy\/wp-json\/wp\/v2\/pages\/50\/revisions\/229"}],"wp:attachment":[{"href":"https:\/\/gramont.eu\/serwis-komputerowy\/wp-json\/wp\/v2\/media?parent=50"}],"curies":[{"name":"wp","href":"https:\/\/api.w.org\/{rel}","templated":true}]}}