{"id":56,"date":"2012-12-07T18:12:10","date_gmt":"2012-12-07T17:12:10","guid":{"rendered":"https:\/\/gramont.eu\/serwis-komputerowy\/?page_id=56"},"modified":"2013-01-31T02:19:58","modified_gmt":"2013-01-31T01:19:58","slug":"konfiguracja-urzadzen-pc","status":"publish","type":"page","link":"https:\/\/gramont.eu\/serwis-komputerowy\/konfiguracja-urzadzen-pc\/","title":{"rendered":"Konfiguracja urz\u0105dze\u0144"},"content":{"rendered":"<p>Pomo\u017cemy w <strong>pod\u0142\u0105czeniu i skonfigurowaniu<\/strong> nowego urz\u0105dzenia. Doradzimy jak je <strong>eksploatowa\u0107, konserwowa\u0107 i serwisowa\u0107<\/strong>. Wykorzystaj maksimum mo\u017cliwo\u015bci i dbaj o sprz\u0119t,<strong> aby s\u0142u\u017cy\u0142 jak najd\u0142u\u017cej<\/strong>.<br \/>\n<img loading=\"lazy\" decoding=\"async\" class=\"aligncenter\" alt=\"Drukarki, routery, tusze i tonery\" src=\"https:\/\/gramont.eu\/serwis-komputerowy\/files\/2012\/12\/konfiguracja-urzadzen2.png\" width=\"700\" height=\"77\" \/><\/p>\n<h2>Instalacja i konfiguracja nowych urz\u0105dze\u0144<\/h2>\n<p>Pod\u0142\u0105czymy i zainstalujemy urz\u0105dzenie do komputera. Je\u017celi kupi\u0142e\u015b now\u0105 <strong>drukark\u0119, urz\u0105dzenie wielofunkcyjne, router, tablet, telefon kom\u00f3rkowy, smartfon<\/strong> i masz problem z jego uruchomieniem, nie czekaj &#8211; <strong>zadzwo\u0144 lub napisz do nas.<\/strong> Zainstalujemy najnowsze dost\u0119pne <strong>sterowniki<\/strong> i przygotujemy urz\u0105dzenie do pracy. W razie potrzeby <strong>wyt\u0142umaczymy jak nale\u017cy go u\u017cywa\u0107.\u00a0<\/strong>Konfiguracja nowych urz\u0105dze\u0144 od podstaw to cz\u0119sto setki stron dokumentacji technicznej. Skorzystaj z naszego do\u015bwiadczenia i skr\u00f3\u0107 ten czas do minimum &#8211; przy okazji udzielimy ci kilku cennych porad.<\/p>\n<h2>Serwis i eksploatacja<\/h2>\n<p>Urz\u0105dzenia do drukowania, kserowania i skanowania wymagaj\u0105 okresowych przegl\u0105d\u00f3w. Ponad to nale\u017cy uzupe\u0142nia\u0107 je o nowe <strong>materia\u0142y eksploatacyjne<\/strong> jak <strong>tusze i tonery<\/strong>, a <strong>stare nale\u017cy utylizowa\u0107.<\/strong> Na rynku obok oryginalnych materia\u0142\u00f3w eksploatacyjnych istniej\u0105 zamienniki, bardzo cz\u0119sto nieust\u0119puj\u0105ce jako\u015bci\u0105 od orygina\u0142\u00f3w. Wiemy jak je dobra\u0107 by dobrze wsp\u00f3\u0142pracowa\u0142y z Twoim urz\u0105dzeniem. Nie czekaj,<strong> zacznij dba\u0107 o sw\u00f3j sprz\u0119t i oszcz\u0119dza\u0107 na jego eksploatacji<\/strong>. Ma\u0142o tego,<strong> sprzedaj lub wymie\u0144 zu\u017cyte tonery i tusze<\/strong> zamiast p\u0142aci\u0107 za ich utylizacj\u0119.<\/p>\n<h2>Wi\u0119ksze mo\u017cliwo\u015bci<\/h2>\n<p>Wiele starych urz\u0105dze\u0144 mo\u017cna zmodyfikowa\u0107 lub cz\u0119\u015bciowo zast\u0105pi\u0107 nowymi. Je\u017celi zastanawiasz si\u0119 czy wyrzuci\u0107 stary sprz\u0119t, najpierw upewnij si\u0119, \u017ce nie mo\u017ce Ci si\u0119 na nic przyda\u0107. Na przyk\u0142ad <a title=\"Ulepsz sw\u00f3j stary komputer\" href=\"https:\/\/gramont.eu\/serwis-komputerowy\/modernizacja-komputerow-stacjonarnych-i-notebookow\/\">modernizacja starego komputera<\/a> cz\u0119sto okazuje si\u0119 dobrym rozwi\u0105zaniem, gdy\u017c po\u0142owa z jego podzespo\u0142\u00f3w <strong>nadaje si\u0119 do dalszej pracy<\/strong>, a zaoszcz\u0119dzone pieni\u0105dze mo\u017cesz zainwestowa\u0107 w wi\u0119ksz\u0105 moc obliczeniow\u0105 lub na bardziej komfortowe i ergonomiczne stanowisko pracy.<\/p>\n<p>&nbsp;<\/p>\n","protected":false},"excerpt":{"rendered":"<p>Pomo\u017cemy w pod\u0142\u0105czeniu i skonfigurowaniu nowego urz\u0105dzenia. Doradzimy jak je eksploatowa\u0107, konserwowa\u0107 i serwisowa\u0107. Wykorzystaj maksimum mo\u017cliwo\u015bci i dbaj o sprz\u0119t, aby s\u0142u\u017cy\u0142 jak najd\u0142u\u017cej. Instalacja i konfiguracja nowych urz\u0105dze\u0144 Pod\u0142\u0105czymy i zainstalujemy urz\u0105dzenie do komputera. Je\u017celi kupi\u0142e\u015b now\u0105 drukark\u0119, &hellip;<\/p>\n<p class=\"read-more\"> <a class=\"more-link\" href=\"https:\/\/gramont.eu\/serwis-komputerowy\/konfiguracja-urzadzen-pc\/\"> <span class=\"screen-reader-text\">Konfiguracja urz\u0105dze\u0144<\/span> Czytaj wi\u0119cej  &raquo;<\/a><\/p>\n","protected":false},"author":1,"featured_media":0,"parent":0,"menu_order":0,"comment_status":"closed","ping_status":"closed","template":"page-gallery-right.php","meta":{"footnotes":""},"yoast_head":"<!-- This site is optimized with the Yoast SEO plugin v22.0 - https:\/\/yoast.com\/wordpress\/plugins\/seo\/ -->\n<title>Konfiguracja i instalacja urz\u0105dze\u0144 - Serwis komputerowy - Nowa S\u00f3l<\/title>\n<meta name=\"description\" content=\"Kupi\u0142e\u015b nowe urz\u0105dzenie? Instalacja i konfiguracja urz\u0105dze\u0144: drukarek, router\u00f3w, dysk\u00f3w, telefon\u00f3w, innych urz\u0105dze\u0144 peryferyjnych, instalacja sterownik\u00f3w.\" \/>\n<meta name=\"robots\" content=\"index, follow, max-snippet:-1, max-image-preview:large, max-video-preview:-1\" \/>\n<link rel=\"canonical\" href=\"https:\/\/gramont.eu\/serwis-komputerowy\/konfiguracja-urzadzen-pc\/\" \/>\n<meta name=\"twitter:label1\" content=\"Szacowany czas czytania\" \/>\n\t<meta name=\"twitter:data1\" content=\"2 minuty\" \/>\n<script type=\"application\/ld+json\" class=\"yoast-schema-graph\">{\"@context\":\"https:\/\/schema.org\",\"@graph\":[{\"@type\":\"WebPage\",\"@id\":\"https:\/\/gramont.eu\/serwis-komputerowy\/konfiguracja-urzadzen-pc\/\",\"url\":\"https:\/\/gramont.eu\/serwis-komputerowy\/konfiguracja-urzadzen-pc\/\",\"name\":\"Konfiguracja i instalacja urz\u0105dze\u0144 - Serwis komputerowy - Nowa S\u00f3l\",\"isPartOf\":{\"@id\":\"https:\/\/gramont.eu\/serwis-komputerowy\/#website\"},\"datePublished\":\"2012-12-07T17:12:10+00:00\",\"dateModified\":\"2013-01-31T01:19:58+00:00\",\"description\":\"Kupi\u0142e\u015b nowe urz\u0105dzenie? Instalacja i konfiguracja urz\u0105dze\u0144: drukarek, router\u00f3w, dysk\u00f3w, telefon\u00f3w, innych urz\u0105dze\u0144 peryferyjnych, instalacja sterownik\u00f3w.\",\"inLanguage\":\"pl-PL\",\"potentialAction\":[{\"@type\":\"ReadAction\",\"target\":[\"https:\/\/gramont.eu\/serwis-komputerowy\/konfiguracja-urzadzen-pc\/\"]}]},{\"@type\":\"WebSite\",\"@id\":\"https:\/\/gramont.eu\/serwis-komputerowy\/#website\",\"url\":\"https:\/\/gramont.eu\/serwis-komputerowy\/\",\"name\":\"Serwis komputerowy - Nowa S\u00f3l\",\"description\":\"Rozw\u0105zywanie problem\u00f3w z komputerami to nasza specjalno\u015b\u0107. Oferujemy r\u00f3wnie\u017c opiek\u0119 informatyczn\u0105.\",\"publisher\":{\"@id\":\"https:\/\/gramont.eu\/serwis-komputerowy\/#organization\"},\"potentialAction\":[{\"@type\":\"SearchAction\",\"target\":{\"@type\":\"EntryPoint\",\"urlTemplate\":\"https:\/\/gramont.eu\/serwis-komputerowy\/?s={search_term_string}\"},\"query-input\":\"required name=search_term_string\"}],\"inLanguage\":\"pl-PL\"},{\"@type\":\"Organization\",\"@id\":\"https:\/\/gramont.eu\/serwis-komputerowy\/#organization\",\"name\":\"Serwis komputerowy - Nowa S\u00f3l\",\"url\":\"https:\/\/gramont.eu\/serwis-komputerowy\/\",\"logo\":{\"@type\":\"ImageObject\",\"inLanguage\":\"pl-PL\",\"@id\":\"https:\/\/gramont.eu\/serwis-komputerowy\/#\/schema\/logo\/image\/\",\"url\":\"https:\/\/gramont.eu\/serwis-komputerowy\/files\/2012\/12\/czyszczenie-notebook.png\",\"contentUrl\":\"https:\/\/gramont.eu\/serwis-komputerowy\/files\/2012\/12\/czyszczenie-notebook.png\",\"width\":\"128\",\"height\":\"128\",\"caption\":\"Serwis komputerowy - Nowa S\u00f3l\"},\"image\":{\"@id\":\"https:\/\/gramont.eu\/serwis-komputerowy\/#\/schema\/logo\/image\/\"},\"sameAs\":[\"https:\/\/www.youtube.com\/channel\/UC3Nt5XEhdTuCQLFND1-OmxA\"]}]}<\/script>\n<!-- \/ Yoast SEO plugin. -->","yoast_head_json":{"title":"Konfiguracja i instalacja urz\u0105dze\u0144 - Serwis komputerowy - Nowa S\u00f3l","description":"Kupi\u0142e\u015b nowe urz\u0105dzenie? Instalacja i konfiguracja urz\u0105dze\u0144: drukarek, router\u00f3w, dysk\u00f3w, telefon\u00f3w, innych urz\u0105dze\u0144 peryferyjnych, instalacja sterownik\u00f3w.","robots":{"index":"index","follow":"follow","max-snippet":"max-snippet:-1","max-image-preview":"max-image-preview:large","max-video-preview":"max-video-preview:-1"},"canonical":"https:\/\/gramont.eu\/serwis-komputerowy\/konfiguracja-urzadzen-pc\/","twitter_misc":{"Szacowany czas czytania":"2 minuty"},"schema":{"@context":"https:\/\/schema.org","@graph":[{"@type":"WebPage","@id":"https:\/\/gramont.eu\/serwis-komputerowy\/konfiguracja-urzadzen-pc\/","url":"https:\/\/gramont.eu\/serwis-komputerowy\/konfiguracja-urzadzen-pc\/","name":"Konfiguracja i instalacja urz\u0105dze\u0144 - Serwis komputerowy - Nowa S\u00f3l","isPartOf":{"@id":"https:\/\/gramont.eu\/serwis-komputerowy\/#website"},"datePublished":"2012-12-07T17:12:10+00:00","dateModified":"2013-01-31T01:19:58+00:00","description":"Kupi\u0142e\u015b nowe urz\u0105dzenie? Instalacja i konfiguracja urz\u0105dze\u0144: drukarek, router\u00f3w, dysk\u00f3w, telefon\u00f3w, innych urz\u0105dze\u0144 peryferyjnych, instalacja sterownik\u00f3w.","inLanguage":"pl-PL","potentialAction":[{"@type":"ReadAction","target":["https:\/\/gramont.eu\/serwis-komputerowy\/konfiguracja-urzadzen-pc\/"]}]},{"@type":"WebSite","@id":"https:\/\/gramont.eu\/serwis-komputerowy\/#website","url":"https:\/\/gramont.eu\/serwis-komputerowy\/","name":"Serwis komputerowy - Nowa S\u00f3l","description":"Rozw\u0105zywanie problem\u00f3w z komputerami to nasza specjalno\u015b\u0107. Oferujemy r\u00f3wnie\u017c opiek\u0119 informatyczn\u0105.","publisher":{"@id":"https:\/\/gramont.eu\/serwis-komputerowy\/#organization"},"potentialAction":[{"@type":"SearchAction","target":{"@type":"EntryPoint","urlTemplate":"https:\/\/gramont.eu\/serwis-komputerowy\/?s={search_term_string}"},"query-input":"required name=search_term_string"}],"inLanguage":"pl-PL"},{"@type":"Organization","@id":"https:\/\/gramont.eu\/serwis-komputerowy\/#organization","name":"Serwis komputerowy - Nowa S\u00f3l","url":"https:\/\/gramont.eu\/serwis-komputerowy\/","logo":{"@type":"ImageObject","inLanguage":"pl-PL","@id":"https:\/\/gramont.eu\/serwis-komputerowy\/#\/schema\/logo\/image\/","url":"https:\/\/gramont.eu\/serwis-komputerowy\/files\/2012\/12\/czyszczenie-notebook.png","contentUrl":"https:\/\/gramont.eu\/serwis-komputerowy\/files\/2012\/12\/czyszczenie-notebook.png","width":"128","height":"128","caption":"Serwis komputerowy - Nowa S\u00f3l"},"image":{"@id":"https:\/\/gramont.eu\/serwis-komputerowy\/#\/schema\/logo\/image\/"},"sameAs":["https:\/\/www.youtube.com\/channel\/UC3Nt5XEhdTuCQLFND1-OmxA"]}]}},"_links":{"self":[{"href":"https:\/\/gramont.eu\/serwis-komputerowy\/wp-json\/wp\/v2\/pages\/56"}],"collection":[{"href":"https:\/\/gramont.eu\/serwis-komputerowy\/wp-json\/wp\/v2\/pages"}],"about":[{"href":"https:\/\/gramont.eu\/serwis-komputerowy\/wp-json\/wp\/v2\/types\/page"}],"author":[{"embeddable":true,"href":"https:\/\/gramont.eu\/serwis-komputerowy\/wp-json\/wp\/v2\/users\/1"}],"replies":[{"embeddable":true,"href":"https:\/\/gramont.eu\/serwis-komputerowy\/wp-json\/wp\/v2\/comments?post=56"}],"version-history":[{"count":15,"href":"https:\/\/gramont.eu\/serwis-komputerowy\/wp-json\/wp\/v2\/pages\/56\/revisions"}],"predecessor-version":[{"id":231,"href":"https:\/\/gramont.eu\/serwis-komputerowy\/wp-json\/wp\/v2\/pages\/56\/revisions\/231"}],"wp:attachment":[{"href":"https:\/\/gramont.eu\/serwis-komputerowy\/wp-json\/wp\/v2\/media?parent=56"}],"curies":[{"name":"wp","href":"https:\/\/api.w.org\/{rel}","templated":true}]}}