{"id":64,"date":"2012-12-07T18:18:10","date_gmt":"2012-12-07T17:18:10","guid":{"rendered":"https:\/\/gramont.eu\/serwis-komputerowy\/?page_id=64"},"modified":"2013-01-31T02:21:25","modified_gmt":"2013-01-31T01:21:25","slug":"przywracanie-danych-i-kopie-bezpieczenstwa","status":"publish","type":"page","link":"https:\/\/gramont.eu\/serwis-komputerowy\/przywracanie-danych-i-kopie-bezpieczenstwa\/","title":{"rendered":"Przywracanie danych i kopie bezpiecze\u0144stwa"},"content":{"rendered":"<p><strong>Odzyskujemy dane<\/strong> usuni\u0119te podczas formatowania dysku, wynikaj\u0105ce z uszkodzenia no\u015bnik\u00f3w, czy po prostu przypadkowo <strong>skasowane<\/strong>.<\/p>\n<p>Pomagamy skonfigurowa\u0107 <strong>automatyczne tworzenie kopii bezpiecze\u0144stwa<\/strong> najwa\u017cniejszych plik\u00f3w np. na zewn\u0119trznych no\u015bnikach (zewn\u0119trzne dyski twarde).\u00a0 Wdra\u017camy r\u00f3wnie\u017c nowoczesne rozwi\u0105zania <strong>przechowywania plik\u00f3w w chmurze<\/strong> (tzw. cloud computing), kt\u00f3re opr\u00f3cz kopii zapasowej umo\u017cliwiaj\u0105<strong> dost\u0119p do danych z ka\u017cdego miejsca na \u015bwiecie<\/strong>. R\u00f3wnie\u017c <strong>przez wiele os\u00f3b<\/strong>, z r\u00f3\u017cnych komputer\u00f3w jednocze\u015bnie (oczywi\u015bcie uprzednio musimy nada\u0107 im odpowiednie uprawnienia, gdy\u017c dane s\u0105 zabezpieczone has\u0142em) &#8211; <strong>rozwi\u0105zanie bardzo przydatne w pracy.<\/strong><\/p>\n<h2>Odzyskiwanie danych<\/h2>\n<ul>\n<li><strong>Odzyskiwanie danych z dysku twardego komputera<\/strong><\/li>\n<li><strong>Odzyskiwanie danych usuni\u0119tych przez wirusy komputerowe<\/strong><\/li>\n<li><strong>Odzyskiwanie skasowanych plik\u00f3w z kart pami\u0119ci, no\u015bnik\u00f3w USB (pendrive)<\/strong><\/li>\n<li><strong>Odzyskiwanie danych z telefon\u00f3w kom\u00f3rkowych i smartfon\u00f3w<\/strong><\/li>\n<li><strong>Odzyskiwanie zawarto\u015bci p\u0142yt CD\/DVD i zewn\u0119trznych dysk\u00f3w twardych<\/strong><img loading=\"lazy\" decoding=\"async\" class=\"aligncenter\" alt=\"Odzyskiwanie danych z dysku\" src=\"https:\/\/gramont.eu\/serwis-komputerowy\/files\/2012\/12\/Odzyskiwanie-danych-z-dysku.jpg\" width=\"385\" height=\"261\" \/><\/li>\n<\/ul>\n<h2>Kopie bezpiecze\u0144stwa<\/h2>\n<ul>\n<li><strong>Narz\u0119dzia do synchronizacja danych<\/strong><\/li>\n<li><strong>Kopie zawarto\u015bci telefon\u00f3w kom\u00f3rkowych<\/strong><\/li>\n<li><strong>Przechowywanie plik\u00f3w online, czyli w internecie (<em>w chmurze<\/em>)<\/strong><\/li>\n<li><strong>Kopie bezpiecze\u0144stwa plik\u00f3w z komputera na zewn\u0119trznych no\u015bnikach<\/strong><\/li>\n<li><strong>Kopie zapasowe wa\u017cnych danych<\/strong><\/li>\n<\/ul>\n<p>Zapraszamy do wypr\u00f3bowania naszej oferty &#8211; dane odzyskujemy najszybciej jak to jest mo\u017cliwe, wiemy, \u017ce ich utrata to zdarzenia losowe i cz\u0119sto liczy si\u0119 czas.<\/p>\n","protected":false},"excerpt":{"rendered":"<p>Odzyskujemy dane usuni\u0119te podczas formatowania dysku, wynikaj\u0105ce z uszkodzenia no\u015bnik\u00f3w, czy po prostu przypadkowo skasowane. Pomagamy skonfigurowa\u0107 automatyczne tworzenie kopii bezpiecze\u0144stwa najwa\u017cniejszych plik\u00f3w np. na zewn\u0119trznych no\u015bnikach (zewn\u0119trzne dyski twarde).\u00a0 Wdra\u017camy r\u00f3wnie\u017c nowoczesne rozwi\u0105zania przechowywania plik\u00f3w w chmurze (tzw. cloud &hellip;<\/p>\n<p class=\"read-more\"> <a class=\"more-link\" href=\"https:\/\/gramont.eu\/serwis-komputerowy\/przywracanie-danych-i-kopie-bezpieczenstwa\/\"> <span class=\"screen-reader-text\">Przywracanie danych i kopie bezpiecze\u0144stwa<\/span> Czytaj wi\u0119cej  &raquo;<\/a><\/p>\n","protected":false},"author":1,"featured_media":0,"parent":0,"menu_order":0,"comment_status":"closed","ping_status":"closed","template":"page-gallery-right.php","meta":{"footnotes":""},"yoast_head":"<!-- This site is optimized with the Yoast SEO plugin v22.0 - https:\/\/yoast.com\/wordpress\/plugins\/seo\/ -->\n<title>Przywracanie danych i kopie bezpiecze\u0144stwa - Serwis - Nowa S\u00f3l<\/title>\n<meta name=\"description\" content=\"Oferujemy odzyskiwanie danych i skasowanych plik\u00f3w, tworzenie kopii bezpiecze\u0144stwa oraz konfigurowanie us\u0142ugi przechowywania kopii plik\u00f3w online.\" \/>\n<meta name=\"robots\" content=\"index, follow, max-snippet:-1, max-image-preview:large, max-video-preview:-1\" \/>\n<link rel=\"canonical\" href=\"https:\/\/gramont.eu\/serwis-komputerowy\/przywracanie-danych-i-kopie-bezpieczenstwa\/\" \/>\n<meta name=\"twitter:label1\" content=\"Szacowany czas czytania\" \/>\n\t<meta name=\"twitter:data1\" content=\"1 minuta\" \/>\n<script type=\"application\/ld+json\" class=\"yoast-schema-graph\">{\"@context\":\"https:\/\/schema.org\",\"@graph\":[{\"@type\":\"WebPage\",\"@id\":\"https:\/\/gramont.eu\/serwis-komputerowy\/przywracanie-danych-i-kopie-bezpieczenstwa\/\",\"url\":\"https:\/\/gramont.eu\/serwis-komputerowy\/przywracanie-danych-i-kopie-bezpieczenstwa\/\",\"name\":\"Przywracanie danych i kopie bezpiecze\u0144stwa - Serwis - Nowa S\u00f3l\",\"isPartOf\":{\"@id\":\"https:\/\/gramont.eu\/serwis-komputerowy\/#website\"},\"datePublished\":\"2012-12-07T17:18:10+00:00\",\"dateModified\":\"2013-01-31T01:21:25+00:00\",\"description\":\"Oferujemy odzyskiwanie danych i skasowanych plik\u00f3w, tworzenie kopii bezpiecze\u0144stwa oraz konfigurowanie us\u0142ugi przechowywania kopii plik\u00f3w online.\",\"inLanguage\":\"pl-PL\",\"potentialAction\":[{\"@type\":\"ReadAction\",\"target\":[\"https:\/\/gramont.eu\/serwis-komputerowy\/przywracanie-danych-i-kopie-bezpieczenstwa\/\"]}]},{\"@type\":\"WebSite\",\"@id\":\"https:\/\/gramont.eu\/serwis-komputerowy\/#website\",\"url\":\"https:\/\/gramont.eu\/serwis-komputerowy\/\",\"name\":\"Serwis komputerowy - Nowa S\u00f3l\",\"description\":\"Rozw\u0105zywanie problem\u00f3w z komputerami to nasza specjalno\u015b\u0107. Oferujemy r\u00f3wnie\u017c opiek\u0119 informatyczn\u0105.\",\"publisher\":{\"@id\":\"https:\/\/gramont.eu\/serwis-komputerowy\/#organization\"},\"potentialAction\":[{\"@type\":\"SearchAction\",\"target\":{\"@type\":\"EntryPoint\",\"urlTemplate\":\"https:\/\/gramont.eu\/serwis-komputerowy\/?s={search_term_string}\"},\"query-input\":\"required name=search_term_string\"}],\"inLanguage\":\"pl-PL\"},{\"@type\":\"Organization\",\"@id\":\"https:\/\/gramont.eu\/serwis-komputerowy\/#organization\",\"name\":\"Serwis komputerowy - Nowa S\u00f3l\",\"url\":\"https:\/\/gramont.eu\/serwis-komputerowy\/\",\"logo\":{\"@type\":\"ImageObject\",\"inLanguage\":\"pl-PL\",\"@id\":\"https:\/\/gramont.eu\/serwis-komputerowy\/#\/schema\/logo\/image\/\",\"url\":\"https:\/\/gramont.eu\/serwis-komputerowy\/files\/2012\/12\/czyszczenie-notebook.png\",\"contentUrl\":\"https:\/\/gramont.eu\/serwis-komputerowy\/files\/2012\/12\/czyszczenie-notebook.png\",\"width\":\"128\",\"height\":\"128\",\"caption\":\"Serwis komputerowy - Nowa S\u00f3l\"},\"image\":{\"@id\":\"https:\/\/gramont.eu\/serwis-komputerowy\/#\/schema\/logo\/image\/\"},\"sameAs\":[\"https:\/\/www.youtube.com\/channel\/UC3Nt5XEhdTuCQLFND1-OmxA\"]}]}<\/script>\n<!-- \/ Yoast SEO plugin. -->","yoast_head_json":{"title":"Przywracanie danych i kopie bezpiecze\u0144stwa - Serwis - Nowa S\u00f3l","description":"Oferujemy odzyskiwanie danych i skasowanych plik\u00f3w, tworzenie kopii bezpiecze\u0144stwa oraz konfigurowanie us\u0142ugi przechowywania kopii plik\u00f3w online.","robots":{"index":"index","follow":"follow","max-snippet":"max-snippet:-1","max-image-preview":"max-image-preview:large","max-video-preview":"max-video-preview:-1"},"canonical":"https:\/\/gramont.eu\/serwis-komputerowy\/przywracanie-danych-i-kopie-bezpieczenstwa\/","twitter_misc":{"Szacowany czas czytania":"1 minuta"},"schema":{"@context":"https:\/\/schema.org","@graph":[{"@type":"WebPage","@id":"https:\/\/gramont.eu\/serwis-komputerowy\/przywracanie-danych-i-kopie-bezpieczenstwa\/","url":"https:\/\/gramont.eu\/serwis-komputerowy\/przywracanie-danych-i-kopie-bezpieczenstwa\/","name":"Przywracanie danych i kopie bezpiecze\u0144stwa - Serwis - Nowa S\u00f3l","isPartOf":{"@id":"https:\/\/gramont.eu\/serwis-komputerowy\/#website"},"datePublished":"2012-12-07T17:18:10+00:00","dateModified":"2013-01-31T01:21:25+00:00","description":"Oferujemy odzyskiwanie danych i skasowanych plik\u00f3w, tworzenie kopii bezpiecze\u0144stwa oraz konfigurowanie us\u0142ugi przechowywania kopii plik\u00f3w online.","inLanguage":"pl-PL","potentialAction":[{"@type":"ReadAction","target":["https:\/\/gramont.eu\/serwis-komputerowy\/przywracanie-danych-i-kopie-bezpieczenstwa\/"]}]},{"@type":"WebSite","@id":"https:\/\/gramont.eu\/serwis-komputerowy\/#website","url":"https:\/\/gramont.eu\/serwis-komputerowy\/","name":"Serwis komputerowy - Nowa S\u00f3l","description":"Rozw\u0105zywanie problem\u00f3w z komputerami to nasza specjalno\u015b\u0107. Oferujemy r\u00f3wnie\u017c opiek\u0119 informatyczn\u0105.","publisher":{"@id":"https:\/\/gramont.eu\/serwis-komputerowy\/#organization"},"potentialAction":[{"@type":"SearchAction","target":{"@type":"EntryPoint","urlTemplate":"https:\/\/gramont.eu\/serwis-komputerowy\/?s={search_term_string}"},"query-input":"required name=search_term_string"}],"inLanguage":"pl-PL"},{"@type":"Organization","@id":"https:\/\/gramont.eu\/serwis-komputerowy\/#organization","name":"Serwis komputerowy - Nowa S\u00f3l","url":"https:\/\/gramont.eu\/serwis-komputerowy\/","logo":{"@type":"ImageObject","inLanguage":"pl-PL","@id":"https:\/\/gramont.eu\/serwis-komputerowy\/#\/schema\/logo\/image\/","url":"https:\/\/gramont.eu\/serwis-komputerowy\/files\/2012\/12\/czyszczenie-notebook.png","contentUrl":"https:\/\/gramont.eu\/serwis-komputerowy\/files\/2012\/12\/czyszczenie-notebook.png","width":"128","height":"128","caption":"Serwis komputerowy - Nowa S\u00f3l"},"image":{"@id":"https:\/\/gramont.eu\/serwis-komputerowy\/#\/schema\/logo\/image\/"},"sameAs":["https:\/\/www.youtube.com\/channel\/UC3Nt5XEhdTuCQLFND1-OmxA"]}]}},"_links":{"self":[{"href":"https:\/\/gramont.eu\/serwis-komputerowy\/wp-json\/wp\/v2\/pages\/64"}],"collection":[{"href":"https:\/\/gramont.eu\/serwis-komputerowy\/wp-json\/wp\/v2\/pages"}],"about":[{"href":"https:\/\/gramont.eu\/serwis-komputerowy\/wp-json\/wp\/v2\/types\/page"}],"author":[{"embeddable":true,"href":"https:\/\/gramont.eu\/serwis-komputerowy\/wp-json\/wp\/v2\/users\/1"}],"replies":[{"embeddable":true,"href":"https:\/\/gramont.eu\/serwis-komputerowy\/wp-json\/wp\/v2\/comments?post=64"}],"version-history":[{"count":11,"href":"https:\/\/gramont.eu\/serwis-komputerowy\/wp-json\/wp\/v2\/pages\/64\/revisions"}],"predecessor-version":[{"id":170,"href":"https:\/\/gramont.eu\/serwis-komputerowy\/wp-json\/wp\/v2\/pages\/64\/revisions\/170"}],"wp:attachment":[{"href":"https:\/\/gramont.eu\/serwis-komputerowy\/wp-json\/wp\/v2\/media?parent=64"}],"curies":[{"name":"wp","href":"https:\/\/api.w.org\/{rel}","templated":true}]}}