{"id":68,"date":"2012-12-07T18:20:30","date_gmt":"2012-12-07T17:20:30","guid":{"rendered":"https:\/\/gramont.eu\/serwis-komputerowy\/?page_id=68"},"modified":"2013-01-31T02:23:09","modified_gmt":"2013-01-31T01:23:09","slug":"modernizacja-komputerow-stacjonarnych-i-notebookow","status":"publish","type":"page","link":"https:\/\/gramont.eu\/serwis-komputerowy\/modernizacja-komputerow-stacjonarnych-i-notebookow\/","title":{"rendered":"Modernizacja komputer\u00f3w stacjonarnych i notebook\u00f3w"},"content":{"rendered":"<p>W czasach gdy <strong>stare komputery<\/strong> stacjonarne umo\u017cliwiaj\u0105 niesko\u0144czenie du\u017co mo\u017cliwo\u015bci <strong>optymalizacji i modernizacji<\/strong><br \/>\nwarto zastanowi\u0107 si\u0119 nad zainwestowaniem w taki sprz\u0119t, nawet je\u015bli w gr\u0119 wchodzi <strong>wymiana<\/strong> po\u0142owy <strong>podzespo\u0142\u00f3w<\/strong>.<\/p>\n<h3>Jak przy\u015bpieszy\u0107 komputer<\/h3>\n<p><strong>Wymiana procesora<\/strong>, zwi\u0119kszenie ilo\u015bci<strong> pami\u0119ci ram<\/strong>, karty graficznej czy <strong>wymiana dysku twardego\u00a0<\/strong>(na wi\u0119kszy i\/lub szybszy)\u00a0lub pod\u0142\u0105czenie drugiego to <strong>cz\u0119sto niedrogie<\/strong> i przynosz\u0105ce <strong>wymierne korzy\u015bci<\/strong> rozwi\u0105zania.<\/p>\n<p>Dzi\u0119ki takim zabiegom<strong> nasz komputer otrzyma drugie \u017cycie<\/strong>\u00a0i b\u0119dziemy mogli cieszy\u0107 si\u0119 korzystaniem ze wsp\u00f3\u0142czesnych program\u00f3w komputerowych i przegl\u0105daniem multimedi\u00f3w. <strong>Stare komputery<\/strong> cz\u0119sto <strong>nie wytrzymuj\u0105 pr\u00f3by czasu<\/strong>\u00a0ju\u017c podczas przegl\u0105danie dokument\u00f3w tekstowych czy internetu. Wieszaj\u0105 si\u0119 lub dzia\u0142aj\u0105 bardzo mozolnie z trudem wykonuj\u0105c zlecon\u0105 im prac\u0119 obliczeniow\u0105. Jest to na spos\u00f3b.. <strong>Modernizacja!<\/strong> Skontaktuj si\u0119 z nami i sprawd\u017a czy warto.<\/p>\n<p><img loading=\"lazy\" decoding=\"async\" class=\"aligncenter\" alt=\"P\u0142yta g\u0142\u00f3wna w PC\" src=\"https:\/\/gramont.eu\/serwis-komputerowy\/files\/2012\/12\/Modernizacja-komputer\u00f3w.jpg\" width=\"425\" height=\"282\" \/><\/p>\n<h3>Jak to jest z laptopami, czy da si\u0119 je ulepszy\u0107?<\/h3>\n<p>W wypadku laptop\u00f3w mo\u017cliwo\u015bci modernizacji nie s\u0105 ju\u017c tak du\u017ce, jednak mo\u017cna rozwa\u017cy\u0107 wymian\u0119 dysku twardego na wi\u0119kszy lub zwi\u0119kszy\u0107 ilo\u015b\u0107 pami\u0119ci ram. Zwi\u0119kszenie funkcjonalno\u015bci komputer\u00f3w przeno\u015bnych mo\u017cliwa jest r\u00f3wnie\u017c dzi\u0119ki dodatkowym komponentom (czytniki bluetooth, karty sieciowe do obs\u0142ugi sieci bezprzewodowych, stacje dokuj\u0105ce).<\/p>\n<p>Je\u017celi zauwa\u017casz widoczny <strong>spadek wydajno\u015bci<\/strong> jego pracy od momentu zakupu &#8211;<strong>\u00a0sprawdzimy czy uk\u0142ad ch\u0142odzenia nie jest fizycznie zabrudzony<\/strong> i wyczy\u015bcimy go. By\u0107 mo\u017ce winowajc\u0105 b\u0119dzie<a title=\"Przywr\u00f3cimy sprawno\u015b\u0107 Twojego komputera\" href=\"https:\/\/gramont.eu\/serwis-komputerowy\/rozwiazywanie-problemow-z-komputerem\/\"> <strong>\u017ale funkcjonuj\u0105cy system<\/strong><\/a> operacyjny? Niczym <strong>pogotowie komputerowe<\/strong>\u00a0pomo\u017cemy i naprawimy Tw\u00f3j komputer. Przy okazji podpowiemy<strong> co mo\u017cesz zrobi\u0107 by unika\u0107 podobnych sytuacji<\/strong> w przysz\u0142o\u015bci.<\/p>\n","protected":false},"excerpt":{"rendered":"<p>W czasach gdy stare komputery stacjonarne umo\u017cliwiaj\u0105 niesko\u0144czenie du\u017co mo\u017cliwo\u015bci optymalizacji i modernizacji warto zastanowi\u0107 si\u0119 nad zainwestowaniem w taki sprz\u0119t, nawet je\u015bli w gr\u0119 wchodzi wymiana po\u0142owy podzespo\u0142\u00f3w. Jak przy\u015bpieszy\u0107 komputer Wymiana procesora, zwi\u0119kszenie ilo\u015bci pami\u0119ci ram, karty graficznej &hellip;<\/p>\n<p class=\"read-more\"> <a class=\"more-link\" href=\"https:\/\/gramont.eu\/serwis-komputerowy\/modernizacja-komputerow-stacjonarnych-i-notebookow\/\"> <span class=\"screen-reader-text\">Modernizacja komputer\u00f3w stacjonarnych i notebook\u00f3w<\/span> Czytaj wi\u0119cej  &raquo;<\/a><\/p>\n","protected":false},"author":1,"featured_media":0,"parent":0,"menu_order":0,"comment_status":"closed","ping_status":"closed","template":"page-gallery-right.php","meta":{"footnotes":""},"yoast_head":"<!-- This site is optimized with the Yoast SEO plugin v22.0 - https:\/\/yoast.com\/wordpress\/plugins\/seo\/ -->\n<title>Modernizacja komputer\u00f3w stacjonarnych i notebook\u00f3w - Nowa S\u00f3l<\/title>\n<meta name=\"description\" content=\"Jak zmodernizowa\u0107 i unowocze\u015bni\u0107 komputer stacjonarny? Czy da si\u0119 tchn\u0105\u0107 drugie \u017cycie w laptopa? Cz\u0119sto TAK. Pomo\u017cemy ci odpowiedzie\u0107 na te pytania.\" \/>\n<meta name=\"robots\" content=\"index, follow, max-snippet:-1, max-image-preview:large, max-video-preview:-1\" \/>\n<link rel=\"canonical\" href=\"https:\/\/gramont.eu\/serwis-komputerowy\/modernizacja-komputerow-stacjonarnych-i-notebookow\/\" \/>\n<meta name=\"twitter:label1\" content=\"Szacowany czas czytania\" \/>\n\t<meta name=\"twitter:data1\" content=\"1 minuta\" \/>\n<script type=\"application\/ld+json\" class=\"yoast-schema-graph\">{\"@context\":\"https:\/\/schema.org\",\"@graph\":[{\"@type\":\"WebPage\",\"@id\":\"https:\/\/gramont.eu\/serwis-komputerowy\/modernizacja-komputerow-stacjonarnych-i-notebookow\/\",\"url\":\"https:\/\/gramont.eu\/serwis-komputerowy\/modernizacja-komputerow-stacjonarnych-i-notebookow\/\",\"name\":\"Modernizacja komputer\u00f3w stacjonarnych i notebook\u00f3w - Nowa S\u00f3l\",\"isPartOf\":{\"@id\":\"https:\/\/gramont.eu\/serwis-komputerowy\/#website\"},\"datePublished\":\"2012-12-07T17:20:30+00:00\",\"dateModified\":\"2013-01-31T01:23:09+00:00\",\"description\":\"Jak zmodernizowa\u0107 i unowocze\u015bni\u0107 komputer stacjonarny? Czy da si\u0119 tchn\u0105\u0107 drugie \u017cycie w laptopa? Cz\u0119sto TAK. Pomo\u017cemy ci odpowiedzie\u0107 na te pytania.\",\"inLanguage\":\"pl-PL\",\"potentialAction\":[{\"@type\":\"ReadAction\",\"target\":[\"https:\/\/gramont.eu\/serwis-komputerowy\/modernizacja-komputerow-stacjonarnych-i-notebookow\/\"]}]},{\"@type\":\"WebSite\",\"@id\":\"https:\/\/gramont.eu\/serwis-komputerowy\/#website\",\"url\":\"https:\/\/gramont.eu\/serwis-komputerowy\/\",\"name\":\"Serwis komputerowy - Nowa S\u00f3l\",\"description\":\"Rozw\u0105zywanie problem\u00f3w z komputerami to nasza specjalno\u015b\u0107. Oferujemy r\u00f3wnie\u017c opiek\u0119 informatyczn\u0105.\",\"publisher\":{\"@id\":\"https:\/\/gramont.eu\/serwis-komputerowy\/#organization\"},\"potentialAction\":[{\"@type\":\"SearchAction\",\"target\":{\"@type\":\"EntryPoint\",\"urlTemplate\":\"https:\/\/gramont.eu\/serwis-komputerowy\/?s={search_term_string}\"},\"query-input\":\"required name=search_term_string\"}],\"inLanguage\":\"pl-PL\"},{\"@type\":\"Organization\",\"@id\":\"https:\/\/gramont.eu\/serwis-komputerowy\/#organization\",\"name\":\"Serwis komputerowy - Nowa S\u00f3l\",\"url\":\"https:\/\/gramont.eu\/serwis-komputerowy\/\",\"logo\":{\"@type\":\"ImageObject\",\"inLanguage\":\"pl-PL\",\"@id\":\"https:\/\/gramont.eu\/serwis-komputerowy\/#\/schema\/logo\/image\/\",\"url\":\"https:\/\/gramont.eu\/serwis-komputerowy\/files\/2012\/12\/czyszczenie-notebook.png\",\"contentUrl\":\"https:\/\/gramont.eu\/serwis-komputerowy\/files\/2012\/12\/czyszczenie-notebook.png\",\"width\":\"128\",\"height\":\"128\",\"caption\":\"Serwis komputerowy - Nowa S\u00f3l\"},\"image\":{\"@id\":\"https:\/\/gramont.eu\/serwis-komputerowy\/#\/schema\/logo\/image\/\"},\"sameAs\":[\"https:\/\/www.youtube.com\/channel\/UC3Nt5XEhdTuCQLFND1-OmxA\"]}]}<\/script>\n<!-- \/ Yoast SEO plugin. -->","yoast_head_json":{"title":"Modernizacja komputer\u00f3w stacjonarnych i notebook\u00f3w - Nowa S\u00f3l","description":"Jak zmodernizowa\u0107 i unowocze\u015bni\u0107 komputer stacjonarny? Czy da si\u0119 tchn\u0105\u0107 drugie \u017cycie w laptopa? Cz\u0119sto TAK. Pomo\u017cemy ci odpowiedzie\u0107 na te pytania.","robots":{"index":"index","follow":"follow","max-snippet":"max-snippet:-1","max-image-preview":"max-image-preview:large","max-video-preview":"max-video-preview:-1"},"canonical":"https:\/\/gramont.eu\/serwis-komputerowy\/modernizacja-komputerow-stacjonarnych-i-notebookow\/","twitter_misc":{"Szacowany czas czytania":"1 minuta"},"schema":{"@context":"https:\/\/schema.org","@graph":[{"@type":"WebPage","@id":"https:\/\/gramont.eu\/serwis-komputerowy\/modernizacja-komputerow-stacjonarnych-i-notebookow\/","url":"https:\/\/gramont.eu\/serwis-komputerowy\/modernizacja-komputerow-stacjonarnych-i-notebookow\/","name":"Modernizacja komputer\u00f3w stacjonarnych i notebook\u00f3w - Nowa S\u00f3l","isPartOf":{"@id":"https:\/\/gramont.eu\/serwis-komputerowy\/#website"},"datePublished":"2012-12-07T17:20:30+00:00","dateModified":"2013-01-31T01:23:09+00:00","description":"Jak zmodernizowa\u0107 i unowocze\u015bni\u0107 komputer stacjonarny? Czy da si\u0119 tchn\u0105\u0107 drugie \u017cycie w laptopa? Cz\u0119sto TAK. Pomo\u017cemy ci odpowiedzie\u0107 na te pytania.","inLanguage":"pl-PL","potentialAction":[{"@type":"ReadAction","target":["https:\/\/gramont.eu\/serwis-komputerowy\/modernizacja-komputerow-stacjonarnych-i-notebookow\/"]}]},{"@type":"WebSite","@id":"https:\/\/gramont.eu\/serwis-komputerowy\/#website","url":"https:\/\/gramont.eu\/serwis-komputerowy\/","name":"Serwis komputerowy - Nowa S\u00f3l","description":"Rozw\u0105zywanie problem\u00f3w z komputerami to nasza specjalno\u015b\u0107. Oferujemy r\u00f3wnie\u017c opiek\u0119 informatyczn\u0105.","publisher":{"@id":"https:\/\/gramont.eu\/serwis-komputerowy\/#organization"},"potentialAction":[{"@type":"SearchAction","target":{"@type":"EntryPoint","urlTemplate":"https:\/\/gramont.eu\/serwis-komputerowy\/?s={search_term_string}"},"query-input":"required name=search_term_string"}],"inLanguage":"pl-PL"},{"@type":"Organization","@id":"https:\/\/gramont.eu\/serwis-komputerowy\/#organization","name":"Serwis komputerowy - Nowa S\u00f3l","url":"https:\/\/gramont.eu\/serwis-komputerowy\/","logo":{"@type":"ImageObject","inLanguage":"pl-PL","@id":"https:\/\/gramont.eu\/serwis-komputerowy\/#\/schema\/logo\/image\/","url":"https:\/\/gramont.eu\/serwis-komputerowy\/files\/2012\/12\/czyszczenie-notebook.png","contentUrl":"https:\/\/gramont.eu\/serwis-komputerowy\/files\/2012\/12\/czyszczenie-notebook.png","width":"128","height":"128","caption":"Serwis komputerowy - Nowa S\u00f3l"},"image":{"@id":"https:\/\/gramont.eu\/serwis-komputerowy\/#\/schema\/logo\/image\/"},"sameAs":["https:\/\/www.youtube.com\/channel\/UC3Nt5XEhdTuCQLFND1-OmxA"]}]}},"_links":{"self":[{"href":"https:\/\/gramont.eu\/serwis-komputerowy\/wp-json\/wp\/v2\/pages\/68"}],"collection":[{"href":"https:\/\/gramont.eu\/serwis-komputerowy\/wp-json\/wp\/v2\/pages"}],"about":[{"href":"https:\/\/gramont.eu\/serwis-komputerowy\/wp-json\/wp\/v2\/types\/page"}],"author":[{"embeddable":true,"href":"https:\/\/gramont.eu\/serwis-komputerowy\/wp-json\/wp\/v2\/users\/1"}],"replies":[{"embeddable":true,"href":"https:\/\/gramont.eu\/serwis-komputerowy\/wp-json\/wp\/v2\/comments?post=68"}],"version-history":[{"count":6,"href":"https:\/\/gramont.eu\/serwis-komputerowy\/wp-json\/wp\/v2\/pages\/68\/revisions"}],"predecessor-version":[{"id":234,"href":"https:\/\/gramont.eu\/serwis-komputerowy\/wp-json\/wp\/v2\/pages\/68\/revisions\/234"}],"wp:attachment":[{"href":"https:\/\/gramont.eu\/serwis-komputerowy\/wp-json\/wp\/v2\/media?parent=68"}],"curies":[{"name":"wp","href":"https:\/\/api.w.org\/{rel}","templated":true}]}}