{"id":70,"date":"2012-12-07T18:22:23","date_gmt":"2012-12-07T17:22:23","guid":{"rendered":"https:\/\/gramont.eu\/serwis-komputerowy\/?page_id=70"},"modified":"2013-01-31T02:24:29","modified_gmt":"2013-01-31T01:24:29","slug":"korepetycje-z-obslugi-komputera","status":"publish","type":"page","link":"https:\/\/gramont.eu\/serwis-komputerowy\/korepetycje-z-obslugi-komputera\/","title":{"rendered":"Korepetycje z obs\u0142ugi komputera"},"content":{"rendered":"<h3>Nie czujesz si\u0119 swobodnie w \u015bwiecie nowych technologii?<\/h3>\n<p>Nauczymy Ci\u0119 jak z nich korzysta\u0107, poka\u017cemy jakie mo\u017cliwo\u015bci stwarzaj\u0105:<\/p>\n<ul>\n<li><strong>Przegl\u0105danie internetu<\/strong><\/li>\n<li><strong>Obs\u0142uga poczty elektronicznej<\/strong><\/li>\n<li><strong>Darmowe rozmowy przez internet<\/strong><\/li>\n<li><strong>Serwisy spo\u0142eczno\u015bciowe<\/strong> (Facebook, Nasza-Klasa)<\/li>\n<li><strong>Wyszukiwanie informacji<\/strong><\/li>\n<li><strong>Zapisywanie i przetwarzanie danych<\/strong><\/li>\n<li><strong>Przegl\u0105danie i kopiowanie zdj\u0119\u0107<\/strong><\/li>\n<li><strong>Obs\u0142uga urz\u0105dze\u0144 multimedialnych<\/strong> (drukarka, aparat fotograficzny)<\/li>\n<li><strong>Obs\u0142uga program\u00f3w biurowych<\/strong><\/li>\n<li>I wiele, wiele wi\u0119cej co tylko przyjdzie Ci do g\u0142owy.<\/li>\n<\/ul>\n<p><img loading=\"lazy\" decoding=\"async\" class=\"aligncenter\" alt=\"Jak korzysta\u0107 z internetu i komputera?\" src=\"https:\/\/gramont.eu\/serwis-komputerowy\/files\/2012\/12\/korepetycje-z-obslugi-komputera.gif\" width=\"432\" height=\"324\" \/><br \/>\nNie wahaj si\u0119! <strong>To nie jest trudne<\/strong>. Gwarantujemy <strong>komfort i sympatyczne towarzystwo<\/strong>.<br \/>\nPomogli\u015bmy ju\u017c dziesi\u0105tkom os\u00f3b w poznaniu tajnik\u00f3w komputer\u00f3w, sprz\u0119t\u00f3w cyfrowych<br \/>\ni internetu.<strong> Korepetycje<\/strong> dla os\u00f3b w ka\u017cdym wieku,<strong> r\u00f3wnie\u017c dla senior\u00f3w<\/strong>.<\/p>\n","protected":false},"excerpt":{"rendered":"<p>Nie czujesz si\u0119 swobodnie w \u015bwiecie nowych technologii? Nauczymy Ci\u0119 jak z nich korzysta\u0107, poka\u017cemy jakie mo\u017cliwo\u015bci stwarzaj\u0105: Przegl\u0105danie internetu Obs\u0142uga poczty elektronicznej Darmowe rozmowy przez internet Serwisy spo\u0142eczno\u015bciowe (Facebook, Nasza-Klasa) Wyszukiwanie informacji Zapisywanie i przetwarzanie danych Przegl\u0105danie i kopiowanie &hellip;<\/p>\n<p class=\"read-more\"> <a class=\"more-link\" href=\"https:\/\/gramont.eu\/serwis-komputerowy\/korepetycje-z-obslugi-komputera\/\"> <span class=\"screen-reader-text\">Korepetycje z obs\u0142ugi komputera<\/span> Czytaj wi\u0119cej  &raquo;<\/a><\/p>\n","protected":false},"author":1,"featured_media":0,"parent":0,"menu_order":0,"comment_status":"closed","ping_status":"closed","template":"page-gallery-right.php","meta":{"footnotes":""},"yoast_head":"<!-- This site is optimized with the Yoast SEO plugin v22.0 - https:\/\/yoast.com\/wordpress\/plugins\/seo\/ -->\n<title>Korepetycje z obs\u0142ugi komputera, nauka poprzez szkolenie - Nowa S\u00f3l<\/title>\n<meta name=\"description\" content=\"Nie czujesz si\u0119 swobodnie w \u015bwiecie nowych technologii? Nauczymy Ci\u0119 jak z nich korzysta\u0107 i jakie stwarzaj\u0105 mo\u017cliwo\u015bci. Korepetycje z obs\u0142ugi internetu.\" \/>\n<meta name=\"robots\" content=\"index, follow, max-snippet:-1, max-image-preview:large, max-video-preview:-1\" \/>\n<link rel=\"canonical\" href=\"https:\/\/gramont.eu\/serwis-komputerowy\/korepetycje-z-obslugi-komputera\/\" \/>\n<meta name=\"twitter:label1\" content=\"Szacowany czas czytania\" \/>\n\t<meta name=\"twitter:data1\" content=\"1 minuta\" \/>\n<script type=\"application\/ld+json\" class=\"yoast-schema-graph\">{\"@context\":\"https:\/\/schema.org\",\"@graph\":[{\"@type\":\"WebPage\",\"@id\":\"https:\/\/gramont.eu\/serwis-komputerowy\/korepetycje-z-obslugi-komputera\/\",\"url\":\"https:\/\/gramont.eu\/serwis-komputerowy\/korepetycje-z-obslugi-komputera\/\",\"name\":\"Korepetycje z obs\u0142ugi komputera, nauka poprzez szkolenie - Nowa S\u00f3l\",\"isPartOf\":{\"@id\":\"https:\/\/gramont.eu\/serwis-komputerowy\/#website\"},\"datePublished\":\"2012-12-07T17:22:23+00:00\",\"dateModified\":\"2013-01-31T01:24:29+00:00\",\"description\":\"Nie czujesz si\u0119 swobodnie w \u015bwiecie nowych technologii? Nauczymy Ci\u0119 jak z nich korzysta\u0107 i jakie stwarzaj\u0105 mo\u017cliwo\u015bci. Korepetycje z obs\u0142ugi internetu.\",\"inLanguage\":\"pl-PL\",\"potentialAction\":[{\"@type\":\"ReadAction\",\"target\":[\"https:\/\/gramont.eu\/serwis-komputerowy\/korepetycje-z-obslugi-komputera\/\"]}]},{\"@type\":\"WebSite\",\"@id\":\"https:\/\/gramont.eu\/serwis-komputerowy\/#website\",\"url\":\"https:\/\/gramont.eu\/serwis-komputerowy\/\",\"name\":\"Serwis komputerowy - Nowa S\u00f3l\",\"description\":\"Rozw\u0105zywanie problem\u00f3w z komputerami to nasza specjalno\u015b\u0107. Oferujemy r\u00f3wnie\u017c opiek\u0119 informatyczn\u0105.\",\"publisher\":{\"@id\":\"https:\/\/gramont.eu\/serwis-komputerowy\/#organization\"},\"potentialAction\":[{\"@type\":\"SearchAction\",\"target\":{\"@type\":\"EntryPoint\",\"urlTemplate\":\"https:\/\/gramont.eu\/serwis-komputerowy\/?s={search_term_string}\"},\"query-input\":\"required name=search_term_string\"}],\"inLanguage\":\"pl-PL\"},{\"@type\":\"Organization\",\"@id\":\"https:\/\/gramont.eu\/serwis-komputerowy\/#organization\",\"name\":\"Serwis komputerowy - Nowa S\u00f3l\",\"url\":\"https:\/\/gramont.eu\/serwis-komputerowy\/\",\"logo\":{\"@type\":\"ImageObject\",\"inLanguage\":\"pl-PL\",\"@id\":\"https:\/\/gramont.eu\/serwis-komputerowy\/#\/schema\/logo\/image\/\",\"url\":\"https:\/\/gramont.eu\/serwis-komputerowy\/files\/2012\/12\/czyszczenie-notebook.png\",\"contentUrl\":\"https:\/\/gramont.eu\/serwis-komputerowy\/files\/2012\/12\/czyszczenie-notebook.png\",\"width\":\"128\",\"height\":\"128\",\"caption\":\"Serwis komputerowy - Nowa S\u00f3l\"},\"image\":{\"@id\":\"https:\/\/gramont.eu\/serwis-komputerowy\/#\/schema\/logo\/image\/\"},\"sameAs\":[\"https:\/\/www.youtube.com\/channel\/UC3Nt5XEhdTuCQLFND1-OmxA\"]}]}<\/script>\n<!-- \/ Yoast SEO plugin. -->","yoast_head_json":{"title":"Korepetycje z obs\u0142ugi komputera, nauka poprzez szkolenie - Nowa S\u00f3l","description":"Nie czujesz si\u0119 swobodnie w \u015bwiecie nowych technologii? Nauczymy Ci\u0119 jak z nich korzysta\u0107 i jakie stwarzaj\u0105 mo\u017cliwo\u015bci. Korepetycje z obs\u0142ugi internetu.","robots":{"index":"index","follow":"follow","max-snippet":"max-snippet:-1","max-image-preview":"max-image-preview:large","max-video-preview":"max-video-preview:-1"},"canonical":"https:\/\/gramont.eu\/serwis-komputerowy\/korepetycje-z-obslugi-komputera\/","twitter_misc":{"Szacowany czas czytania":"1 minuta"},"schema":{"@context":"https:\/\/schema.org","@graph":[{"@type":"WebPage","@id":"https:\/\/gramont.eu\/serwis-komputerowy\/korepetycje-z-obslugi-komputera\/","url":"https:\/\/gramont.eu\/serwis-komputerowy\/korepetycje-z-obslugi-komputera\/","name":"Korepetycje z obs\u0142ugi komputera, nauka poprzez szkolenie - Nowa S\u00f3l","isPartOf":{"@id":"https:\/\/gramont.eu\/serwis-komputerowy\/#website"},"datePublished":"2012-12-07T17:22:23+00:00","dateModified":"2013-01-31T01:24:29+00:00","description":"Nie czujesz si\u0119 swobodnie w \u015bwiecie nowych technologii? Nauczymy Ci\u0119 jak z nich korzysta\u0107 i jakie stwarzaj\u0105 mo\u017cliwo\u015bci. Korepetycje z obs\u0142ugi internetu.","inLanguage":"pl-PL","potentialAction":[{"@type":"ReadAction","target":["https:\/\/gramont.eu\/serwis-komputerowy\/korepetycje-z-obslugi-komputera\/"]}]},{"@type":"WebSite","@id":"https:\/\/gramont.eu\/serwis-komputerowy\/#website","url":"https:\/\/gramont.eu\/serwis-komputerowy\/","name":"Serwis komputerowy - Nowa S\u00f3l","description":"Rozw\u0105zywanie problem\u00f3w z komputerami to nasza specjalno\u015b\u0107. Oferujemy r\u00f3wnie\u017c opiek\u0119 informatyczn\u0105.","publisher":{"@id":"https:\/\/gramont.eu\/serwis-komputerowy\/#organization"},"potentialAction":[{"@type":"SearchAction","target":{"@type":"EntryPoint","urlTemplate":"https:\/\/gramont.eu\/serwis-komputerowy\/?s={search_term_string}"},"query-input":"required name=search_term_string"}],"inLanguage":"pl-PL"},{"@type":"Organization","@id":"https:\/\/gramont.eu\/serwis-komputerowy\/#organization","name":"Serwis komputerowy - Nowa S\u00f3l","url":"https:\/\/gramont.eu\/serwis-komputerowy\/","logo":{"@type":"ImageObject","inLanguage":"pl-PL","@id":"https:\/\/gramont.eu\/serwis-komputerowy\/#\/schema\/logo\/image\/","url":"https:\/\/gramont.eu\/serwis-komputerowy\/files\/2012\/12\/czyszczenie-notebook.png","contentUrl":"https:\/\/gramont.eu\/serwis-komputerowy\/files\/2012\/12\/czyszczenie-notebook.png","width":"128","height":"128","caption":"Serwis komputerowy - Nowa S\u00f3l"},"image":{"@id":"https:\/\/gramont.eu\/serwis-komputerowy\/#\/schema\/logo\/image\/"},"sameAs":["https:\/\/www.youtube.com\/channel\/UC3Nt5XEhdTuCQLFND1-OmxA"]}]}},"_links":{"self":[{"href":"https:\/\/gramont.eu\/serwis-komputerowy\/wp-json\/wp\/v2\/pages\/70"}],"collection":[{"href":"https:\/\/gramont.eu\/serwis-komputerowy\/wp-json\/wp\/v2\/pages"}],"about":[{"href":"https:\/\/gramont.eu\/serwis-komputerowy\/wp-json\/wp\/v2\/types\/page"}],"author":[{"embeddable":true,"href":"https:\/\/gramont.eu\/serwis-komputerowy\/wp-json\/wp\/v2\/users\/1"}],"replies":[{"embeddable":true,"href":"https:\/\/gramont.eu\/serwis-komputerowy\/wp-json\/wp\/v2\/comments?post=70"}],"version-history":[{"count":10,"href":"https:\/\/gramont.eu\/serwis-komputerowy\/wp-json\/wp\/v2\/pages\/70\/revisions"}],"predecessor-version":[{"id":236,"href":"https:\/\/gramont.eu\/serwis-komputerowy\/wp-json\/wp\/v2\/pages\/70\/revisions\/236"}],"wp:attachment":[{"href":"https:\/\/gramont.eu\/serwis-komputerowy\/wp-json\/wp\/v2\/media?parent=70"}],"curies":[{"name":"wp","href":"https:\/\/api.w.org\/{rel}","templated":true}]}}