{"id":75,"date":"2012-12-07T18:25:42","date_gmt":"2012-12-07T17:25:42","guid":{"rendered":"https:\/\/gramont.eu\/serwis-komputerowy\/?page_id=75"},"modified":"2013-01-31T02:28:45","modified_gmt":"2013-01-31T01:28:45","slug":"opieka-informatyczna-i-doradztwo-it","status":"publish","type":"page","link":"https:\/\/gramont.eu\/serwis-komputerowy\/opieka-informatyczna-i-doradztwo-it\/","title":{"rendered":"Opieka informatyczna i doradztwo IT"},"content":{"rendered":"<p>Oferta skierowana do <strong>firm i instytucji<\/strong> oraz do os\u00f3b, kt\u00f3re potrzebuj\u0105 sta\u0142ej dyspozycji <strong>informatyka<\/strong> i specjalisty IT.<\/p>\n<h2>Wsparcie informatyczne i opieka IT<\/h2>\n<p>Oferujemy <strong>pomoc<\/strong>, <strong>konsultacje i doradztwo<\/strong> w dziedzinie informatyki, a wi\u0119c<strong> sprz\u0119tu (hardware), aplikacji (software), nowych technologii, internetu<\/strong> i wielu innych zagadnie\u0144 z tej ogromnej dziedziny (tzw. Outsourcing IT &#8211; czyli opieka informatyczna).<\/p>\n<p>Posiadamy <strong>wieloletnie do\u015bwiadczenie<\/strong> zdobyte<strong> w pracy w korporacjach, firmach prywatnych<\/strong> oraz co chyba najwa\u017cniejsze &#8211; <strong>w praktyce<\/strong>. Stale poszerzana i aktualna wiedza informatyczna gwarantuje<strong> wysok\u0105 jako\u015b\u0107 us\u0142ug<\/strong>. Je\u017celi nie mieli\u015bmy do czynienia z jakim\u015b zagadnieniem posiadamy <strong>wsparcie w postaci grona specjalist\u00f3w<\/strong> z r\u00f3\u017cnych bran\u017cy IT.<\/p>\n<p><img loading=\"lazy\" decoding=\"async\" class=\"aligncenter size-full\" alt=\"Informatyk w firmie\" src=\"https:\/\/gramont.eu\/serwis-komputerowy\/files\/2012\/12\/Informatyk-w-firmie.jpg\" width=\"700\" height=\"477\" \/><\/p>\n<p>Zach\u0119camy do zapoznania si\u0119 z nasz\u0105 ofert\u0105 na pozosta\u0142ych podstronach (ich lista znajduje si\u0119 z prawej strony).<\/p>\n<p>Zapraszamy r\u00f3wnie\u017c na naszego bloga, gdzie dzielimy si\u0119 zdobytym do\u015bwiadczeniem.<\/p>\n<p>Ponadto \u015bwiadczymy us\u0142ugi typowe dla<strong> interaktywnych agencji reklamowych<\/strong> (jak\u0105 nota bene jeste\u015bmy), jak<a title=\"Modernizujemy oraz projektujemy strony www\" href=\"https:\/\/gramont.eu\/strony-internetowe\/\"> tworzenie stron internetowych<\/a>, ich <a title=\"Optymalizacja stron pod k\u0105tem wyszukiwarek (ang. SEO - Search Engine Optimization)\" href=\"https:\/\/gramont.eu\/strony-internetowe\/pozycjonowanie-stron\/\">pozycjonowanie<\/a> czy <a title=\"&quot;Punkt G - kreatywno\u015b\u0107 z przyjemno\u015bci&quot; - zapraszamy do zapoznania si\u0119 z pe\u0142n\u0105 ofert\u0105\" href=\"https:\/\/gramont.eu\/\">szereg us\u0142ug<\/a> z nimi zwi\u0105zanych.<\/p>\n","protected":false},"excerpt":{"rendered":"<p>Oferta skierowana do firm i instytucji oraz do os\u00f3b, kt\u00f3re potrzebuj\u0105 sta\u0142ej dyspozycji informatyka i specjalisty IT. Wsparcie informatyczne i opieka IT Oferujemy pomoc, konsultacje i doradztwo w dziedzinie informatyki, a wi\u0119c sprz\u0119tu (hardware), aplikacji (software), nowych technologii, internetu i &hellip;<\/p>\n<p class=\"read-more\"> <a class=\"more-link\" href=\"https:\/\/gramont.eu\/serwis-komputerowy\/opieka-informatyczna-i-doradztwo-it\/\"> <span class=\"screen-reader-text\">Opieka informatyczna i doradztwo IT<\/span> Czytaj wi\u0119cej  &raquo;<\/a><\/p>\n","protected":false},"author":1,"featured_media":0,"parent":0,"menu_order":0,"comment_status":"closed","ping_status":"closed","template":"page-gallery-right.php","meta":{"footnotes":""},"yoast_head":"<!-- This site is optimized with the Yoast SEO plugin v22.0 - https:\/\/yoast.com\/wordpress\/plugins\/seo\/ -->\n<title>Opieka informatyczna i doradztwo IT - Nowa S\u00f3l<\/title>\n<meta name=\"description\" content=\"Us\u0142ugi skierowane do firm oraz do os\u00f3b, kt\u00f3re potrzebuj\u0105 sta\u0142ej dyspozycji informatyka i specjalisty IT, tzw. outsourcing, czyli opieka informatyczna.\" \/>\n<meta name=\"robots\" content=\"index, follow, max-snippet:-1, max-image-preview:large, max-video-preview:-1\" \/>\n<link rel=\"canonical\" href=\"https:\/\/gramont.eu\/serwis-komputerowy\/opieka-informatyczna-i-doradztwo-it\/\" \/>\n<meta name=\"twitter:label1\" content=\"Szacowany czas czytania\" \/>\n\t<meta name=\"twitter:data1\" content=\"1 minuta\" \/>\n<script type=\"application\/ld+json\" class=\"yoast-schema-graph\">{\"@context\":\"https:\/\/schema.org\",\"@graph\":[{\"@type\":\"WebPage\",\"@id\":\"https:\/\/gramont.eu\/serwis-komputerowy\/opieka-informatyczna-i-doradztwo-it\/\",\"url\":\"https:\/\/gramont.eu\/serwis-komputerowy\/opieka-informatyczna-i-doradztwo-it\/\",\"name\":\"Opieka informatyczna i doradztwo IT - Nowa S\u00f3l\",\"isPartOf\":{\"@id\":\"https:\/\/gramont.eu\/serwis-komputerowy\/#website\"},\"datePublished\":\"2012-12-07T17:25:42+00:00\",\"dateModified\":\"2013-01-31T01:28:45+00:00\",\"description\":\"Us\u0142ugi skierowane do firm oraz do os\u00f3b, kt\u00f3re potrzebuj\u0105 sta\u0142ej dyspozycji informatyka i specjalisty IT, tzw. outsourcing, czyli opieka informatyczna.\",\"inLanguage\":\"pl-PL\",\"potentialAction\":[{\"@type\":\"ReadAction\",\"target\":[\"https:\/\/gramont.eu\/serwis-komputerowy\/opieka-informatyczna-i-doradztwo-it\/\"]}]},{\"@type\":\"WebSite\",\"@id\":\"https:\/\/gramont.eu\/serwis-komputerowy\/#website\",\"url\":\"https:\/\/gramont.eu\/serwis-komputerowy\/\",\"name\":\"Serwis komputerowy - Nowa S\u00f3l\",\"description\":\"Rozw\u0105zywanie problem\u00f3w z komputerami to nasza specjalno\u015b\u0107. Oferujemy r\u00f3wnie\u017c opiek\u0119 informatyczn\u0105.\",\"publisher\":{\"@id\":\"https:\/\/gramont.eu\/serwis-komputerowy\/#organization\"},\"potentialAction\":[{\"@type\":\"SearchAction\",\"target\":{\"@type\":\"EntryPoint\",\"urlTemplate\":\"https:\/\/gramont.eu\/serwis-komputerowy\/?s={search_term_string}\"},\"query-input\":\"required name=search_term_string\"}],\"inLanguage\":\"pl-PL\"},{\"@type\":\"Organization\",\"@id\":\"https:\/\/gramont.eu\/serwis-komputerowy\/#organization\",\"name\":\"Serwis komputerowy - Nowa S\u00f3l\",\"url\":\"https:\/\/gramont.eu\/serwis-komputerowy\/\",\"logo\":{\"@type\":\"ImageObject\",\"inLanguage\":\"pl-PL\",\"@id\":\"https:\/\/gramont.eu\/serwis-komputerowy\/#\/schema\/logo\/image\/\",\"url\":\"https:\/\/gramont.eu\/serwis-komputerowy\/files\/2012\/12\/czyszczenie-notebook.png\",\"contentUrl\":\"https:\/\/gramont.eu\/serwis-komputerowy\/files\/2012\/12\/czyszczenie-notebook.png\",\"width\":\"128\",\"height\":\"128\",\"caption\":\"Serwis komputerowy - Nowa S\u00f3l\"},\"image\":{\"@id\":\"https:\/\/gramont.eu\/serwis-komputerowy\/#\/schema\/logo\/image\/\"},\"sameAs\":[\"https:\/\/www.youtube.com\/channel\/UC3Nt5XEhdTuCQLFND1-OmxA\"]}]}<\/script>\n<!-- \/ Yoast SEO plugin. -->","yoast_head_json":{"title":"Opieka informatyczna i doradztwo IT - Nowa S\u00f3l","description":"Us\u0142ugi skierowane do firm oraz do os\u00f3b, kt\u00f3re potrzebuj\u0105 sta\u0142ej dyspozycji informatyka i specjalisty IT, tzw. outsourcing, czyli opieka informatyczna.","robots":{"index":"index","follow":"follow","max-snippet":"max-snippet:-1","max-image-preview":"max-image-preview:large","max-video-preview":"max-video-preview:-1"},"canonical":"https:\/\/gramont.eu\/serwis-komputerowy\/opieka-informatyczna-i-doradztwo-it\/","twitter_misc":{"Szacowany czas czytania":"1 minuta"},"schema":{"@context":"https:\/\/schema.org","@graph":[{"@type":"WebPage","@id":"https:\/\/gramont.eu\/serwis-komputerowy\/opieka-informatyczna-i-doradztwo-it\/","url":"https:\/\/gramont.eu\/serwis-komputerowy\/opieka-informatyczna-i-doradztwo-it\/","name":"Opieka informatyczna i doradztwo IT - Nowa S\u00f3l","isPartOf":{"@id":"https:\/\/gramont.eu\/serwis-komputerowy\/#website"},"datePublished":"2012-12-07T17:25:42+00:00","dateModified":"2013-01-31T01:28:45+00:00","description":"Us\u0142ugi skierowane do firm oraz do os\u00f3b, kt\u00f3re potrzebuj\u0105 sta\u0142ej dyspozycji informatyka i specjalisty IT, tzw. outsourcing, czyli opieka informatyczna.","inLanguage":"pl-PL","potentialAction":[{"@type":"ReadAction","target":["https:\/\/gramont.eu\/serwis-komputerowy\/opieka-informatyczna-i-doradztwo-it\/"]}]},{"@type":"WebSite","@id":"https:\/\/gramont.eu\/serwis-komputerowy\/#website","url":"https:\/\/gramont.eu\/serwis-komputerowy\/","name":"Serwis komputerowy - Nowa S\u00f3l","description":"Rozw\u0105zywanie problem\u00f3w z komputerami to nasza specjalno\u015b\u0107. Oferujemy r\u00f3wnie\u017c opiek\u0119 informatyczn\u0105.","publisher":{"@id":"https:\/\/gramont.eu\/serwis-komputerowy\/#organization"},"potentialAction":[{"@type":"SearchAction","target":{"@type":"EntryPoint","urlTemplate":"https:\/\/gramont.eu\/serwis-komputerowy\/?s={search_term_string}"},"query-input":"required name=search_term_string"}],"inLanguage":"pl-PL"},{"@type":"Organization","@id":"https:\/\/gramont.eu\/serwis-komputerowy\/#organization","name":"Serwis komputerowy - Nowa S\u00f3l","url":"https:\/\/gramont.eu\/serwis-komputerowy\/","logo":{"@type":"ImageObject","inLanguage":"pl-PL","@id":"https:\/\/gramont.eu\/serwis-komputerowy\/#\/schema\/logo\/image\/","url":"https:\/\/gramont.eu\/serwis-komputerowy\/files\/2012\/12\/czyszczenie-notebook.png","contentUrl":"https:\/\/gramont.eu\/serwis-komputerowy\/files\/2012\/12\/czyszczenie-notebook.png","width":"128","height":"128","caption":"Serwis komputerowy - Nowa S\u00f3l"},"image":{"@id":"https:\/\/gramont.eu\/serwis-komputerowy\/#\/schema\/logo\/image\/"},"sameAs":["https:\/\/www.youtube.com\/channel\/UC3Nt5XEhdTuCQLFND1-OmxA"]}]}},"_links":{"self":[{"href":"https:\/\/gramont.eu\/serwis-komputerowy\/wp-json\/wp\/v2\/pages\/75"}],"collection":[{"href":"https:\/\/gramont.eu\/serwis-komputerowy\/wp-json\/wp\/v2\/pages"}],"about":[{"href":"https:\/\/gramont.eu\/serwis-komputerowy\/wp-json\/wp\/v2\/types\/page"}],"author":[{"embeddable":true,"href":"https:\/\/gramont.eu\/serwis-komputerowy\/wp-json\/wp\/v2\/users\/1"}],"replies":[{"embeddable":true,"href":"https:\/\/gramont.eu\/serwis-komputerowy\/wp-json\/wp\/v2\/comments?post=75"}],"version-history":[{"count":11,"href":"https:\/\/gramont.eu\/serwis-komputerowy\/wp-json\/wp\/v2\/pages\/75\/revisions"}],"predecessor-version":[{"id":239,"href":"https:\/\/gramont.eu\/serwis-komputerowy\/wp-json\/wp\/v2\/pages\/75\/revisions\/239"}],"wp:attachment":[{"href":"https:\/\/gramont.eu\/serwis-komputerowy\/wp-json\/wp\/v2\/media?parent=75"}],"curies":[{"name":"wp","href":"https:\/\/api.w.org\/{rel}","templated":true}]}}